{"id":149,"date":"2020-05-05T09:15:03","date_gmt":"2020-05-05T09:15:03","guid":{"rendered":"http:\/\/www.planellesmohedo.com\/mundonatura\/?page_id=149"},"modified":"2020-12-02T07:33:31","modified_gmt":"2020-12-02T07:33:31","slug":"arte-floral-mundo-animal","status":"publish","type":"page","link":"https:\/\/planellesmohedo.com\/index.php\/arte-floral-mundo-animal\/","title":{"rendered":"MUNDO NATURA"},"content":{"rendered":"\n<figure class=\"wp-block-image size-large\"><img loading=\"lazy\" width=\"851\" height=\"315\" src=\"http:\/\/www.planellesmohedo.com\/mundonatura\/wp-content\/uploads\/2020\/05\/logo-arte-floral-1.png\" alt=\"\" class=\"wp-image-150\" srcset=\"http:\/\/www.planellesmohedo.com\/wp-content\/uploads\/2020\/05\/logo-arte-floral-1.png 851w, http:\/\/www.planellesmohedo.com\/wp-content\/uploads\/2020\/05\/logo-arte-floral-1-300x111.png 300w, http:\/\/www.planellesmohedo.com\/wp-content\/uploads\/2020\/05\/logo-arte-floral-1-768x284.png 768w\" sizes=\"(max-width: 851px) 100vw, 851px\" \/><figcaption><a href=\"http:\/\/www.planellesmohedo.com\/mundonatura\/\" target=\"_blank\" rel=\"noreferrer noopener\">http:\/\/www.planellesmohedo.com\/mundonatura\/<\/a><\/figcaption><\/figure>\n\n\n\n<p>\n\nFlorister\u00eda  familiar con m\u00e1s de 10 a\u00f1os de experiencia basada en dos pilares fundamentales, el buen gusto y el trato cercano al cliente.<\/p>\n\n\n\n<p>Apostamos por el dise\u00f1o y la creatividad en un amplio abanico de servicios. La pasi\u00f3n por las flores es nuestra debilidad.<\/p>\n\n\n\n<p>En Planelles Mundo Natura ofrecemos todo tipo de arreglos florales para toda clase de eventos y celebraciones como bodas, comuniones, bautizos, eventos, congresos, presentaciones de empresa, etc&#8230;,  con un dise\u00f1o personalizado a medida del cliente. <\/p>\n\n\n\n<p>Asesoramos y dise\u00f1amos proyectos de jardiner\u00eda y decoraci\u00f3n de hogar y terraza.<\/p>\n\n\n\n<p>Tambi\u00e9n disponemos de secci\u00f3n de secado de ramos de novia y otra de tocados hechos a medida.<\/p>\n\n\n\n<ul class=\"wp-block-social-links\"><li class=\"wp-social-link wp-social-link-wordpress wp-block-social-link\"><a href=\"https:\/\/wordpress.org\" aria-label=\"WordPress\" > <svg width=\"24\" height=\"24\" viewBox=\"0 0 24 24\" version=\"1.1\" xmlns=\"http:\/\/www.w3.org\/2000\/svg\" role=\"img\" aria-hidden=\"true\" focusable=\"false\"><path d=\"M12.158,12.786L9.46,20.625c0.806,0.237,1.657,0.366,2.54,0.366c1.047,0,2.051-0.181,2.986-0.51 c-0.024-0.038-0.046-0.079-0.065-0.124L12.158,12.786z M3.009,12c0,3.559,2.068,6.634,5.067,8.092L3.788,8.341 C3.289,9.459,3.009,10.696,3.009,12z M18.069,11.546c0-1.112-0.399-1.881-0.741-2.48c-0.456-0.741-0.883-1.368-0.883-2.109 c0-0.826,0.627-1.596,1.51-1.596c0.04,0,0.078,0.005,0.116,0.007C16.472,3.904,14.34,3.009,12,3.009 c-3.141,0-5.904,1.612-7.512,4.052c0.211,0.007,0.41,0.011,0.579,0.011c0.94,0,2.396-0.114,2.396-0.114 C7.947,6.93,8.004,7.642,7.52,7.699c0,0-0.487,0.057-1.029,0.085l3.274,9.739l1.968-5.901l-1.401-3.838 C9.848,7.756,9.389,7.699,9.389,7.699C8.904,7.67,8.961,6.93,9.446,6.958c0,0,1.484,0.114,2.368,0.114 c0.94,0,2.397-0.114,2.397-0.114c0.485-0.028,0.542,0.684,0.057,0.741c0,0-0.488,0.057-1.029,0.085l3.249,9.665l0.897-2.996 C17.841,13.284,18.069,12.316,18.069,11.546z M19.889,7.686c0.039,0.286,0.06,0.593,0.06,0.924c0,0.912-0.171,1.938-0.684,3.22 l-2.746,7.94c2.673-1.558,4.47-4.454,4.47-7.771C20.991,10.436,20.591,8.967,19.889,7.686z M12,22C6.486,22,2,17.514,2,12 C2,6.486,6.486,2,12,2c5.514,0,10,4.486,10,10C22,17.514,17.514,22,12,22z\"><\/path><\/svg><\/a><\/li>\n\n<li class=\"wp-social-link wp-social-link-facebook wp-block-social-link\"><a href=\"https:\/\/www.facebook.com\/PlanellesArteFloral\/\" aria-label=\"Facebook\" > <svg width=\"24\" height=\"24\" viewBox=\"0 0 24 24\" version=\"1.1\" xmlns=\"http:\/\/www.w3.org\/2000\/svg\" role=\"img\" aria-hidden=\"true\" focusable=\"false\"><path d=\"M12 2C6.5 2 2 6.5 2 12c0 5 3.7 9.1 8.4 9.9v-7H7.9V12h2.5V9.8c0-2.5 1.5-3.9 3.8-3.9 1.1 0 2.2.2 2.2.2v2.5h-1.3c-1.2 0-1.6.8-1.6 1.6V12h2.8l-.4 2.9h-2.3v7C18.3 21.1 22 17 22 12c0-5.5-4.5-10-10-10z\"><\/path><\/svg><\/a><\/li>\n\n\n\n<li class=\"wp-social-link wp-social-link-instagram wp-block-social-link\"><a href=\"https:\/\/www.instagram.com\/planelles_mundonatura\/\" aria-label=\"Instagram\" > <svg width=\"24\" height=\"24\" viewBox=\"0 0 24 24\" version=\"1.1\" xmlns=\"http:\/\/www.w3.org\/2000\/svg\" role=\"img\" aria-hidden=\"true\" focusable=\"false\"><path d=\"M12,4.622c2.403,0,2.688,0.009,3.637,0.052c0.877,0.04,1.354,0.187,1.671,0.31c0.42,0.163,0.72,0.358,1.035,0.673 c0.315,0.315,0.51,0.615,0.673,1.035c0.123,0.317,0.27,0.794,0.31,1.671c0.043,0.949,0.052,1.234,0.052,3.637 s-0.009,2.688-0.052,3.637c-0.04,0.877-0.187,1.354-0.31,1.671c-0.163,0.42-0.358,0.72-0.673,1.035 c-0.315,0.315-0.615,0.51-1.035,0.673c-0.317,0.123-0.794,0.27-1.671,0.31c-0.949,0.043-1.233,0.052-3.637,0.052 s-2.688-0.009-3.637-0.052c-0.877-0.04-1.354-0.187-1.671-0.31c-0.42-0.163-0.72-0.358-1.035-0.673 c-0.315-0.315-0.51-0.615-0.673-1.035c-0.123-0.317-0.27-0.794-0.31-1.671C4.631,14.688,4.622,14.403,4.622,12 s0.009-2.688,0.052-3.637c0.04-0.877,0.187-1.354,0.31-1.671c0.163-0.42,0.358-0.72,0.673-1.035 c0.315-0.315,0.615-0.51,1.035-0.673c0.317-0.123,0.794-0.27,1.671-0.31C9.312,4.631,9.597,4.622,12,4.622 M12,3 C9.556,3,9.249,3.01,8.289,3.054C7.331,3.098,6.677,3.25,6.105,3.472C5.513,3.702,5.011,4.01,4.511,4.511 c-0.5,0.5-0.808,1.002-1.038,1.594C3.25,6.677,3.098,7.331,3.054,8.289C3.01,9.249,3,9.556,3,12c0,2.444,0.01,2.751,0.054,3.711 c0.044,0.958,0.196,1.612,0.418,2.185c0.23,0.592,0.538,1.094,1.038,1.594c0.5,0.5,1.002,0.808,1.594,1.038 c0.572,0.222,1.227,0.375,2.185,0.418C9.249,20.99,9.556,21,12,21s2.751-0.01,3.711-0.054c0.958-0.044,1.612-0.196,2.185-0.418 c0.592-0.23,1.094-0.538,1.594-1.038c0.5-0.5,0.808-1.002,1.038-1.594c0.222-0.572,0.375-1.227,0.418-2.185 C20.99,14.751,21,14.444,21,12s-0.01-2.751-0.054-3.711c-0.044-0.958-0.196-1.612-0.418-2.185c-0.23-0.592-0.538-1.094-1.038-1.594 c-0.5-0.5-1.002-0.808-1.594-1.038c-0.572-0.222-1.227-0.375-2.185-0.418C14.751,3.01,14.444,3,12,3L12,3z M12,7.378 c-2.552,0-4.622,2.069-4.622,4.622S9.448,16.622,12,16.622s4.622-2.069,4.622-4.622S14.552,7.378,12,7.378z M12,15 c-1.657,0-3-1.343-3-3s1.343-3,3-3s3,1.343,3,3S13.657,15,12,15z M16.804,6.116c-0.596,0-1.08,0.484-1.08,1.08 s0.484,1.08,1.08,1.08c0.596,0,1.08-0.484,1.08-1.08S17.401,6.116,16.804,6.116z\"><\/path><\/svg><\/a><\/li>\n\n\n\n\n\n<\/ul>\n\n\n\n<h2>Mundo Animal <\/h2>\n\n\n\n<div class=\"wp-block-group alignwide\"><div class=\"wp-block-group__inner-container\">\n<figure class=\"wp-block-image size-large\"><img loading=\"lazy\" width=\"851\" height=\"315\" src=\"http:\/\/www.planellesmohedo.com\/mundonatura\/wp-content\/uploads\/2020\/05\/logo-mundo-animal-1.png\" alt=\"Mundo animal\" class=\"wp-image-144\" srcset=\"http:\/\/www.planellesmohedo.com\/wp-content\/uploads\/2020\/05\/logo-mundo-animal-1.png 851w, http:\/\/www.planellesmohedo.com\/wp-content\/uploads\/2020\/05\/logo-mundo-animal-1-300x111.png 300w, http:\/\/www.planellesmohedo.com\/wp-content\/uploads\/2020\/05\/logo-mundo-animal-1-768x284.png 768w\" sizes=\"(max-width: 851px) 100vw, 851px\" \/><figcaption><a href=\"http:\/\/www.planellesmohedo.com\/mundonatura\/index.php\/mundo-animal\/\" target=\"_blank\" rel=\"noreferrer noopener\">http:\/\/www.planellesmohedo.com\/mundonatura\/index.php\/mundo-animal\/<\/a><\/figcaption><\/figure>\n<\/div><\/div>\n\n\n\n<p>Tienda para mascotas en Montoro (C\u00f3rdoba) <\/p>\n\n\n\n<p>Productos para perros, gatos, p\u00e1jaros, peces, reptiles, peque\u00f1os roedores.<\/p>\n\n\n\n<p>En el Alto Guadalquivir<\/p>\n\n\n\n<p>Tienda de animales y mascotas en Montoro, donde encontrar\u00e1s todos los complementos, accesorios, para tus animales de compa\u00f1\u00eda. Alimentaci\u00f3n e higiene, juguetes y otros accesorios que necesites para tus animales dom\u00e9sticos.<\/p>\n\n\n\n<p>Todo en p\u00e1jaros, peces, acuarios, perros, gatos, conejos, cobayas, h\u00e1mster, etc&#8230;.<\/p>\n\n\n\n<p>Tienda de mascotas. Servicios para empresas.<\/p>\n\n\n\n<p>\u00bfQuieres venir a conocernos? Ven a Planelles Mundo Natura en la localidad de Montoro (C\u00f3rdoba), estaremos encantados de atenderte.\n\n<\/p>\n\n\n\n<ul class=\"wp-block-social-links\"><li class=\"wp-social-link wp-social-link-wordpress wp-block-social-link\"><a href=\"https:\/\/wordpress.org\" aria-label=\"WordPress\" > <svg width=\"24\" height=\"24\" viewBox=\"0 0 24 24\" version=\"1.1\" xmlns=\"http:\/\/www.w3.org\/2000\/svg\" role=\"img\" aria-hidden=\"true\" focusable=\"false\"><path d=\"M12.158,12.786L9.46,20.625c0.806,0.237,1.657,0.366,2.54,0.366c1.047,0,2.051-0.181,2.986-0.51 c-0.024-0.038-0.046-0.079-0.065-0.124L12.158,12.786z M3.009,12c0,3.559,2.068,6.634,5.067,8.092L3.788,8.341 C3.289,9.459,3.009,10.696,3.009,12z M18.069,11.546c0-1.112-0.399-1.881-0.741-2.48c-0.456-0.741-0.883-1.368-0.883-2.109 c0-0.826,0.627-1.596,1.51-1.596c0.04,0,0.078,0.005,0.116,0.007C16.472,3.904,14.34,3.009,12,3.009 c-3.141,0-5.904,1.612-7.512,4.052c0.211,0.007,0.41,0.011,0.579,0.011c0.94,0,2.396-0.114,2.396-0.114 C7.947,6.93,8.004,7.642,7.52,7.699c0,0-0.487,0.057-1.029,0.085l3.274,9.739l1.968-5.901l-1.401-3.838 C9.848,7.756,9.389,7.699,9.389,7.699C8.904,7.67,8.961,6.93,9.446,6.958c0,0,1.484,0.114,2.368,0.114 c0.94,0,2.397-0.114,2.397-0.114c0.485-0.028,0.542,0.684,0.057,0.741c0,0-0.488,0.057-1.029,0.085l3.249,9.665l0.897-2.996 C17.841,13.284,18.069,12.316,18.069,11.546z M19.889,7.686c0.039,0.286,0.06,0.593,0.06,0.924c0,0.912-0.171,1.938-0.684,3.22 l-2.746,7.94c2.673-1.558,4.47-4.454,4.47-7.771C20.991,10.436,20.591,8.967,19.889,7.686z M12,22C6.486,22,2,17.514,2,12 C2,6.486,6.486,2,12,2c5.514,0,10,4.486,10,10C22,17.514,17.514,22,12,22z\"><\/path><\/svg><\/a><\/li>\n\n<li class=\"wp-social-link wp-social-link-facebook wp-block-social-link\"><a href=\"https:\/\/www.facebook.com\/PlanellesMundoAnimal\/\" aria-label=\"Facebook\" > <svg width=\"24\" height=\"24\" viewBox=\"0 0 24 24\" version=\"1.1\" xmlns=\"http:\/\/www.w3.org\/2000\/svg\" role=\"img\" aria-hidden=\"true\" focusable=\"false\"><path d=\"M12 2C6.5 2 2 6.5 2 12c0 5 3.7 9.1 8.4 9.9v-7H7.9V12h2.5V9.8c0-2.5 1.5-3.9 3.8-3.9 1.1 0 2.2.2 2.2.2v2.5h-1.3c-1.2 0-1.6.8-1.6 1.6V12h2.8l-.4 2.9h-2.3v7C18.3 21.1 22 17 22 12c0-5.5-4.5-10-10-10z\"><\/path><\/svg><\/a><\/li>\n\n\n\n<li class=\"wp-social-link wp-social-link-instagram wp-block-social-link\"><a href=\"https:\/\/www.instagram.com\/planelles_mundo_animal\/\" aria-label=\"Instagram\" > <svg width=\"24\" height=\"24\" viewBox=\"0 0 24 24\" version=\"1.1\" xmlns=\"http:\/\/www.w3.org\/2000\/svg\" role=\"img\" aria-hidden=\"true\" focusable=\"false\"><path d=\"M12,4.622c2.403,0,2.688,0.009,3.637,0.052c0.877,0.04,1.354,0.187,1.671,0.31c0.42,0.163,0.72,0.358,1.035,0.673 c0.315,0.315,0.51,0.615,0.673,1.035c0.123,0.317,0.27,0.794,0.31,1.671c0.043,0.949,0.052,1.234,0.052,3.637 s-0.009,2.688-0.052,3.637c-0.04,0.877-0.187,1.354-0.31,1.671c-0.163,0.42-0.358,0.72-0.673,1.035 c-0.315,0.315-0.615,0.51-1.035,0.673c-0.317,0.123-0.794,0.27-1.671,0.31c-0.949,0.043-1.233,0.052-3.637,0.052 s-2.688-0.009-3.637-0.052c-0.877-0.04-1.354-0.187-1.671-0.31c-0.42-0.163-0.72-0.358-1.035-0.673 c-0.315-0.315-0.51-0.615-0.673-1.035c-0.123-0.317-0.27-0.794-0.31-1.671C4.631,14.688,4.622,14.403,4.622,12 s0.009-2.688,0.052-3.637c0.04-0.877,0.187-1.354,0.31-1.671c0.163-0.42,0.358-0.72,0.673-1.035 c0.315-0.315,0.615-0.51,1.035-0.673c0.317-0.123,0.794-0.27,1.671-0.31C9.312,4.631,9.597,4.622,12,4.622 M12,3 C9.556,3,9.249,3.01,8.289,3.054C7.331,3.098,6.677,3.25,6.105,3.472C5.513,3.702,5.011,4.01,4.511,4.511 c-0.5,0.5-0.808,1.002-1.038,1.594C3.25,6.677,3.098,7.331,3.054,8.289C3.01,9.249,3,9.556,3,12c0,2.444,0.01,2.751,0.054,3.711 c0.044,0.958,0.196,1.612,0.418,2.185c0.23,0.592,0.538,1.094,1.038,1.594c0.5,0.5,1.002,0.808,1.594,1.038 c0.572,0.222,1.227,0.375,2.185,0.418C9.249,20.99,9.556,21,12,21s2.751-0.01,3.711-0.054c0.958-0.044,1.612-0.196,2.185-0.418 c0.592-0.23,1.094-0.538,1.594-1.038c0.5-0.5,0.808-1.002,1.038-1.594c0.222-0.572,0.375-1.227,0.418-2.185 C20.99,14.751,21,14.444,21,12s-0.01-2.751-0.054-3.711c-0.044-0.958-0.196-1.612-0.418-2.185c-0.23-0.592-0.538-1.094-1.038-1.594 c-0.5-0.5-1.002-0.808-1.594-1.038c-0.572-0.222-1.227-0.375-2.185-0.418C14.751,3.01,14.444,3,12,3L12,3z M12,7.378 c-2.552,0-4.622,2.069-4.622,4.622S9.448,16.622,12,16.622s4.622-2.069,4.622-4.622S14.552,7.378,12,7.378z M12,15 c-1.657,0-3-1.343-3-3s1.343-3,3-3s3,1.343,3,3S13.657,15,12,15z M16.804,6.116c-0.596,0-1.08,0.484-1.08,1.08 s0.484,1.08,1.08,1.08c0.596,0,1.08-0.484,1.08-1.08S17.401,6.116,16.804,6.116z\"><\/path><\/svg><\/a><\/li>\n\n\n\n\n\n\n\n<\/ul>\n\n\n\n<p><\/p>\n","protected":false},"excerpt":{"rendered":"<p>Florister\u00eda familiar con m\u00e1s de 10 a\u00f1os de experiencia basada en dos pilares fundamentales, el buen gusto y el trato&#8230;<\/p>\n","protected":false},"author":1,"featured_media":0,"parent":0,"menu_order":0,"comment_status":"closed","ping_status":"closed","template":"","meta":{"_monsterinsights_skip_tracking":false,"_monsterinsights_sitenote_active":false,"_monsterinsights_sitenote_note":"","_monsterinsights_sitenote_category":0},"yoast_head":"<!-- This site is optimized with the Yoast SEO plugin v18.4.1 - https:\/\/yoast.com\/wordpress\/plugins\/seo\/ -->\n<title>MUNDO NATURA - PLANELLES MUNDO NATURA y ARTE FLORAL<\/title>\n<meta name=\"description\" content=\"Florister\u00eda familiar, buen gusto y trato cercano al cliente. Apostamos por el dise\u00f1o y la creatividad en un amplio abanico de servicios. La pasi\u00f3n por las flores es nuestra debilidad.En Planelles Mundo Natura ofrecemos todo tipo de arreglos florales para toda clase de eventos y celebraciones como bodas, comuniones, bautizos, eventos, congresos, presentaciones de empresa, etc. con un dise\u00f1o personalizado a medida del cliente. Asesoramos y dise\u00f1amos proyectos de jardiner\u00eda y decoraci\u00f3n de hogar y terraza.Tambi\u00e9n disponemos de secci\u00f3n de secado de ramos de novia y otra de tocados hechos a medida.\u00bfQuieres venir a conocernos? Ven a Planelles Mundo Natura en la localidad de Montoro (C\u00f3rdoba), estaremos encantados de atenderte.\" \/>\n<meta name=\"robots\" content=\"index, follow, max-snippet:-1, max-image-preview:large, max-video-preview:-1\" \/>\n<link rel=\"canonical\" href=\"https:\/\/planellesmohedo.com\/index.php\/arte-floral-mundo-animal\/\" \/>\n<meta property=\"og:locale\" content=\"es_ES\" \/>\n<meta property=\"og:type\" content=\"article\" \/>\n<meta property=\"og:title\" content=\"MUNDO NATURA - PLANELLES MUNDO NATURA y ARTE FLORAL\" \/>\n<meta property=\"og:description\" content=\"Florister\u00eda familiar, buen gusto y trato cercano al cliente. Apostamos por el dise\u00f1o y la creatividad en un amplio abanico de servicios. La pasi\u00f3n por las flores es nuestra debilidad.En Planelles Mundo Natura ofrecemos todo tipo de arreglos florales para toda clase de eventos y celebraciones como bodas, comuniones, bautizos, eventos, congresos, presentaciones de empresa, etc. con un dise\u00f1o personalizado a medida del cliente. Asesoramos y dise\u00f1amos proyectos de jardiner\u00eda y decoraci\u00f3n de hogar y terraza.Tambi\u00e9n disponemos de secci\u00f3n de secado de ramos de novia y otra de tocados hechos a medida.\u00bfQuieres venir a conocernos? Ven a Planelles Mundo Natura en la localidad de Montoro (C\u00f3rdoba), estaremos encantados de atenderte.\" \/>\n<meta property=\"og:url\" content=\"https:\/\/planellesmohedo.com\/index.php\/arte-floral-mundo-animal\/\" \/>\n<meta property=\"og:site_name\" content=\"PLANELLES MUNDO NATURA y ARTE FLORAL\" \/>\n<meta property=\"article:modified_time\" content=\"2020-12-02T07:33:31+00:00\" \/>\n<meta property=\"og:image\" content=\"http:\/\/www.planellesmohedo.com\/mundonatura\/wp-content\/uploads\/2020\/05\/logo-arte-floral-1.png\" \/>\n<meta name=\"twitter:card\" content=\"summary_large_image\" \/>\n<meta name=\"twitter:label1\" content=\"Tiempo de lectura\" \/>\n\t<meta name=\"twitter:data1\" content=\"1 minuto\" \/>\n<script type=\"application\/ld+json\" class=\"yoast-schema-graph\">{\"@context\":\"https:\/\/schema.org\",\"@graph\":[{\"@type\":\"WebSite\",\"@id\":\"https:\/\/planellesmohedo.com\/#website\",\"url\":\"https:\/\/planellesmohedo.com\/\",\"name\":\"PLANELLES MUNDO NATURA y ARTE FLORAL\",\"description\":\"PLANELLES MUNTO NATURA Y ARTE FLORAL\",\"potentialAction\":[{\"@type\":\"SearchAction\",\"target\":{\"@type\":\"EntryPoint\",\"urlTemplate\":\"https:\/\/planellesmohedo.com\/?s={search_term_string}\"},\"query-input\":\"required name=search_term_string\"}],\"inLanguage\":\"es\"},{\"@type\":\"ImageObject\",\"@id\":\"https:\/\/planellesmohedo.com\/index.php\/arte-floral-mundo-animal\/#primaryimage\",\"inLanguage\":\"es\",\"url\":\"http:\/\/www.planellesmohedo.com\/mundonatura\/wp-content\/uploads\/2020\/05\/logo-arte-floral-1.png\",\"contentUrl\":\"http:\/\/www.planellesmohedo.com\/mundonatura\/wp-content\/uploads\/2020\/05\/logo-arte-floral-1.png\"},{\"@type\":\"WebPage\",\"@id\":\"https:\/\/planellesmohedo.com\/index.php\/arte-floral-mundo-animal\/#webpage\",\"url\":\"https:\/\/planellesmohedo.com\/index.php\/arte-floral-mundo-animal\/\",\"name\":\"MUNDO NATURA - PLANELLES MUNDO NATURA y ARTE FLORAL\",\"isPartOf\":{\"@id\":\"https:\/\/planellesmohedo.com\/#website\"},\"primaryImageOfPage\":{\"@id\":\"https:\/\/planellesmohedo.com\/index.php\/arte-floral-mundo-animal\/#primaryimage\"},\"datePublished\":\"2020-05-05T09:15:03+00:00\",\"dateModified\":\"2020-12-02T07:33:31+00:00\",\"description\":\"Florister\u00eda familiar, buen gusto y trato cercano al cliente. Apostamos por el dise\u00f1o y la creatividad en un amplio abanico de servicios. La pasi\u00f3n por las flores es nuestra debilidad.En Planelles Mundo Natura ofrecemos todo tipo de arreglos florales para toda clase de eventos y celebraciones como bodas, comuniones, bautizos, eventos, congresos, presentaciones de empresa, etc. con un dise\u00f1o personalizado a medida del cliente. Asesoramos y dise\u00f1amos proyectos de jardiner\u00eda y decoraci\u00f3n de hogar y terraza.Tambi\u00e9n disponemos de secci\u00f3n de secado de ramos de novia y otra de tocados hechos a medida.\u00bfQuieres venir a conocernos? Ven a Planelles Mundo Natura en la localidad de Montoro (C\u00f3rdoba), estaremos encantados de atenderte.\",\"breadcrumb\":{\"@id\":\"https:\/\/planellesmohedo.com\/index.php\/arte-floral-mundo-animal\/#breadcrumb\"},\"inLanguage\":\"es\",\"potentialAction\":[{\"@type\":\"ReadAction\",\"target\":[\"https:\/\/planellesmohedo.com\/index.php\/arte-floral-mundo-animal\/\"]}]},{\"@type\":\"BreadcrumbList\",\"@id\":\"https:\/\/planellesmohedo.com\/index.php\/arte-floral-mundo-animal\/#breadcrumb\",\"itemListElement\":[{\"@type\":\"ListItem\",\"position\":1,\"name\":\"Home\",\"item\":\"https:\/\/planellesmohedo.com\/\"},{\"@type\":\"ListItem\",\"position\":2,\"name\":\"MUNDO NATURA\"}]}]}<\/script>\n<!-- \/ Yoast SEO plugin. -->","yoast_head_json":{"title":"MUNDO NATURA - PLANELLES MUNDO NATURA y ARTE FLORAL","description":"Florister\u00eda familiar, buen gusto y trato cercano al cliente. Apostamos por el dise\u00f1o y la creatividad en un amplio abanico de servicios. La pasi\u00f3n por las flores es nuestra debilidad.En Planelles Mundo Natura ofrecemos todo tipo de arreglos florales para toda clase de eventos y celebraciones como bodas, comuniones, bautizos, eventos, congresos, presentaciones de empresa, etc. con un dise\u00f1o personalizado a medida del cliente. Asesoramos y dise\u00f1amos proyectos de jardiner\u00eda y decoraci\u00f3n de hogar y terraza.Tambi\u00e9n disponemos de secci\u00f3n de secado de ramos de novia y otra de tocados hechos a medida.\u00bfQuieres venir a conocernos? Ven a Planelles Mundo Natura en la localidad de Montoro (C\u00f3rdoba), estaremos encantados de atenderte.","robots":{"index":"index","follow":"follow","max-snippet":"max-snippet:-1","max-image-preview":"max-image-preview:large","max-video-preview":"max-video-preview:-1"},"canonical":"https:\/\/planellesmohedo.com\/index.php\/arte-floral-mundo-animal\/","og_locale":"es_ES","og_type":"article","og_title":"MUNDO NATURA - PLANELLES MUNDO NATURA y ARTE FLORAL","og_description":"Florister\u00eda familiar, buen gusto y trato cercano al cliente. Apostamos por el dise\u00f1o y la creatividad en un amplio abanico de servicios. La pasi\u00f3n por las flores es nuestra debilidad.En Planelles Mundo Natura ofrecemos todo tipo de arreglos florales para toda clase de eventos y celebraciones como bodas, comuniones, bautizos, eventos, congresos, presentaciones de empresa, etc. con un dise\u00f1o personalizado a medida del cliente. Asesoramos y dise\u00f1amos proyectos de jardiner\u00eda y decoraci\u00f3n de hogar y terraza.Tambi\u00e9n disponemos de secci\u00f3n de secado de ramos de novia y otra de tocados hechos a medida.\u00bfQuieres venir a conocernos? Ven a Planelles Mundo Natura en la localidad de Montoro (C\u00f3rdoba), estaremos encantados de atenderte.","og_url":"https:\/\/planellesmohedo.com\/index.php\/arte-floral-mundo-animal\/","og_site_name":"PLANELLES MUNDO NATURA y ARTE FLORAL","article_modified_time":"2020-12-02T07:33:31+00:00","og_image":[{"url":"http:\/\/www.planellesmohedo.com\/mundonatura\/wp-content\/uploads\/2020\/05\/logo-arte-floral-1.png"}],"twitter_card":"summary_large_image","twitter_misc":{"Tiempo de lectura":"1 minuto"},"schema":{"@context":"https:\/\/schema.org","@graph":[{"@type":"WebSite","@id":"https:\/\/planellesmohedo.com\/#website","url":"https:\/\/planellesmohedo.com\/","name":"PLANELLES MUNDO NATURA y ARTE FLORAL","description":"PLANELLES MUNTO NATURA Y ARTE FLORAL","potentialAction":[{"@type":"SearchAction","target":{"@type":"EntryPoint","urlTemplate":"https:\/\/planellesmohedo.com\/?s={search_term_string}"},"query-input":"required name=search_term_string"}],"inLanguage":"es"},{"@type":"ImageObject","@id":"https:\/\/planellesmohedo.com\/index.php\/arte-floral-mundo-animal\/#primaryimage","inLanguage":"es","url":"http:\/\/www.planellesmohedo.com\/mundonatura\/wp-content\/uploads\/2020\/05\/logo-arte-floral-1.png","contentUrl":"http:\/\/www.planellesmohedo.com\/mundonatura\/wp-content\/uploads\/2020\/05\/logo-arte-floral-1.png"},{"@type":"WebPage","@id":"https:\/\/planellesmohedo.com\/index.php\/arte-floral-mundo-animal\/#webpage","url":"https:\/\/planellesmohedo.com\/index.php\/arte-floral-mundo-animal\/","name":"MUNDO NATURA - PLANELLES MUNDO NATURA y ARTE FLORAL","isPartOf":{"@id":"https:\/\/planellesmohedo.com\/#website"},"primaryImageOfPage":{"@id":"https:\/\/planellesmohedo.com\/index.php\/arte-floral-mundo-animal\/#primaryimage"},"datePublished":"2020-05-05T09:15:03+00:00","dateModified":"2020-12-02T07:33:31+00:00","description":"Florister\u00eda familiar, buen gusto y trato cercano al cliente. Apostamos por el dise\u00f1o y la creatividad en un amplio abanico de servicios. La pasi\u00f3n por las flores es nuestra debilidad.En Planelles Mundo Natura ofrecemos todo tipo de arreglos florales para toda clase de eventos y celebraciones como bodas, comuniones, bautizos, eventos, congresos, presentaciones de empresa, etc. con un dise\u00f1o personalizado a medida del cliente. Asesoramos y dise\u00f1amos proyectos de jardiner\u00eda y decoraci\u00f3n de hogar y terraza.Tambi\u00e9n disponemos de secci\u00f3n de secado de ramos de novia y otra de tocados hechos a medida.\u00bfQuieres venir a conocernos? Ven a Planelles Mundo Natura en la localidad de Montoro (C\u00f3rdoba), estaremos encantados de atenderte.","breadcrumb":{"@id":"https:\/\/planellesmohedo.com\/index.php\/arte-floral-mundo-animal\/#breadcrumb"},"inLanguage":"es","potentialAction":[{"@type":"ReadAction","target":["https:\/\/planellesmohedo.com\/index.php\/arte-floral-mundo-animal\/"]}]},{"@type":"BreadcrumbList","@id":"https:\/\/planellesmohedo.com\/index.php\/arte-floral-mundo-animal\/#breadcrumb","itemListElement":[{"@type":"ListItem","position":1,"name":"Home","item":"https:\/\/planellesmohedo.com\/"},{"@type":"ListItem","position":2,"name":"MUNDO NATURA"}]}]}},"_links":{"self":[{"href":"https:\/\/planellesmohedo.com\/index.php\/wp-json\/wp\/v2\/pages\/149"}],"collection":[{"href":"https:\/\/planellesmohedo.com\/index.php\/wp-json\/wp\/v2\/pages"}],"about":[{"href":"https:\/\/planellesmohedo.com\/index.php\/wp-json\/wp\/v2\/types\/page"}],"author":[{"embeddable":true,"href":"https:\/\/planellesmohedo.com\/index.php\/wp-json\/wp\/v2\/users\/1"}],"replies":[{"embeddable":true,"href":"https:\/\/planellesmohedo.com\/index.php\/wp-json\/wp\/v2\/comments?post=149"}],"version-history":[{"count":4,"href":"https:\/\/planellesmohedo.com\/index.php\/wp-json\/wp\/v2\/pages\/149\/revisions"}],"predecessor-version":[{"id":732,"href":"https:\/\/planellesmohedo.com\/index.php\/wp-json\/wp\/v2\/pages\/149\/revisions\/732"}],"wp:attachment":[{"href":"https:\/\/planellesmohedo.com\/index.php\/wp-json\/wp\/v2\/media?parent=149"}],"curies":[{"name":"wp","href":"https:\/\/api.w.org\/{rel}","templated":true}]}}